{"id":4677,"date":"2023-12-12T11:58:31","date_gmt":"2023-12-12T11:58:31","guid":{"rendered":"https:\/\/woodwego.com\/sl\/?page_id=4677"},"modified":"2024-06-24T17:31:22","modified_gmt":"2024-06-24T17:31:22","slug":"e-book","status":"publish","type":"page","link":"https:\/\/woodwego.com\/sl\/e-book\/","title":{"rendered":"E-book"},"content":{"rendered":"\t\t<div data-elementor-type=\"wp-page\" data-elementor-id=\"4677\" class=\"elementor elementor-4677\" data-elementor-post-type=\"page\">\n\t\t\t\t<div class=\"elementor-element elementor-element-eed690d e-con-full e-flex e-con e-parent\" data-id=\"eed690d\" data-element_type=\"container\">\n\t\t<div class=\"elementor-element elementor-element-47a2612 e-con-full e-flex e-con e-child\" data-id=\"47a2612\" data-element_type=\"container\" data-settings=\"{&quot;background_background&quot;:&quot;classic&quot;}\">\n\t\t\t\t<div class=\"elementor-element elementor-element-7eed157 elementor-widget elementor-widget-image\" data-id=\"7eed157\" data-element_type=\"widget\" data-widget_type=\"image.default\">\n\t\t\t\t<div class=\"elementor-widget-container\">\n\t\t\t\t\t\t\t\t\t\t\t\t\t\t\t<img fetchpriority=\"high\" decoding=\"async\" width=\"964\" height=\"1142\" src=\"https:\/\/woodwego.com\/sl\/wp-content\/uploads\/2024\/01\/wwg-tablica-telefon_e_book.webp\" class=\"attachment-full size-full wp-image-7456\" alt=\"\" srcset=\"https:\/\/woodwego.com\/sl\/wp-content\/uploads\/2024\/01\/wwg-tablica-telefon_e_book.webp 964w, https:\/\/woodwego.com\/sl\/wp-content\/uploads\/2024\/01\/wwg-tablica-telefon_e_book-600x711.webp 600w, https:\/\/woodwego.com\/sl\/wp-content\/uploads\/2024\/01\/wwg-tablica-telefon_e_book-253x300.webp 253w, https:\/\/woodwego.com\/sl\/wp-content\/uploads\/2024\/01\/wwg-tablica-telefon_e_book-864x1024.webp 864w, https:\/\/woodwego.com\/sl\/wp-content\/uploads\/2024\/01\/wwg-tablica-telefon_e_book-768x910.webp 768w\" sizes=\"(max-width: 964px) 100vw, 964px\" \/>\t\t\t\t\t\t\t\t\t\t\t\t\t\t\t<\/div>\n\t\t\t\t<\/div>\n\t\t\t\t<\/div>\n\t\t<div class=\"elementor-element elementor-element-d0e770f e-con-full e-flex e-con e-child\" data-id=\"d0e770f\" data-element_type=\"container\">\n\t\t\t\t<div class=\"elementor-element elementor-element-a9eeb3b elementor-widget elementor-widget-image\" data-id=\"a9eeb3b\" data-element_type=\"widget\" data-widget_type=\"image.default\">\n\t\t\t\t<div class=\"elementor-widget-container\">\n\t\t\t\t\t\t\t\t\t\t\t\t\t\t\t<img decoding=\"async\" width=\"1076\" height=\"1027\" src=\"https:\/\/woodwego.com\/sl\/wp-content\/uploads\/2023\/11\/pero-1.webp\" class=\"attachment-full size-full wp-image-1554\" alt=\"WOODWEGO_pero\" srcset=\"https:\/\/woodwego.com\/sl\/wp-content\/uploads\/2023\/11\/pero-1.webp 1076w, https:\/\/woodwego.com\/sl\/wp-content\/uploads\/2023\/11\/pero-1-600x573.webp 600w, https:\/\/woodwego.com\/sl\/wp-content\/uploads\/2023\/11\/pero-1-300x286.webp 300w, https:\/\/woodwego.com\/sl\/wp-content\/uploads\/2023\/11\/pero-1-1024x977.webp 1024w, https:\/\/woodwego.com\/sl\/wp-content\/uploads\/2023\/11\/pero-1-768x733.webp 768w\" sizes=\"(max-width: 1076px) 100vw, 1076px\" \/>\t\t\t\t\t\t\t\t\t\t\t\t\t\t\t<\/div>\n\t\t\t\t<\/div>\n\t\t\t\t<div class=\"elementor-element elementor-element-3fef19a9 elementor-widget elementor-widget-icon-box\" data-id=\"3fef19a9\" data-element_type=\"widget\" data-widget_type=\"icon-box.default\">\n\t\t\t\t<div class=\"elementor-widget-container\">\n\t\t\t\t\t\t\t<div class=\"elementor-icon-box-wrapper\">\n\n\t\t\t\n\t\t\t\t\t\t<div class=\"elementor-icon-box-content\">\n\n\t\t\t\t\t\t\t\t\t<h2 class=\"elementor-icon-box-title\">\n\t\t\t\t\t\t<span  >\n\t\t\t\t\t\t\tSpoznajte rutine, ki so nama spremenile \u017eivljenje\t\t\t\t\t\t<\/span>\n\t\t\t\t\t<\/h2>\n\t\t\t\t\n\t\t\t\t\t\t\t\t\t<p class=\"elementor-icon-box-description\">\n\t\t\t\t\t\tBrezpla\u010den E-Book \"7 SKRIVNOSTI DOBREGA PO\u010cUTJA\"\t\t\t\t\t<\/p>\n\t\t\t\t\n\t\t\t<\/div>\n\t\t\t\n\t\t<\/div>\n\t\t\t\t\t\t<\/div>\n\t\t\t\t<\/div>\n\t\t\t\t<div class=\"elementor-element elementor-element-76cafcf elementor-widget elementor-widget-text-editor\" data-id=\"76cafcf\" data-element_type=\"widget\" data-widget_type=\"text-editor.default\">\n\t\t\t\t<div class=\"elementor-widget-container\">\n\t\t\t\t\t\t\t\t\t<p><strong>Izpolnite podatke in e-book vas bo \u010dakal na va\u0161em e-mail naslovu.<br \/><\/strong>Preverite tudi mapo Promocije in Vsiljeno po\u0161to.<\/p>\t\t\t\t\t\t\t\t<\/div>\n\t\t\t\t<\/div>\n\t\t\t\t<div class=\"elementor-element elementor-element-8fa7040 elementor-widget__width-initial elementor-button-align-stretch elementor-widget elementor-widget-global elementor-global-7340 elementor-widget-form\" data-id=\"8fa7040\" data-element_type=\"widget\" data-settings=\"{&quot;step_next_label&quot;:&quot;Next&quot;,&quot;step_previous_label&quot;:&quot;Previous&quot;,&quot;button_width&quot;:&quot;100&quot;,&quot;step_type&quot;:&quot;number_text&quot;,&quot;step_icon_shape&quot;:&quot;circle&quot;}\" data-widget_type=\"form.default\">\n\t\t\t\t<div class=\"elementor-widget-container\">\n\t\t\t\t\t\t\t<form class=\"elementor-form\" method=\"post\" name=\"Free eBook\" aria-label=\"Free eBook\" novalidate=\"\">\n\t\t\t<input type=\"hidden\" name=\"post_id\" value=\"4677\"\/>\n\t\t\t<input type=\"hidden\" name=\"form_id\" value=\"8fa7040\"\/>\n\t\t\t<input type=\"hidden\" name=\"referer_title\" value=\"\" \/>\n\n\t\t\t\n\t\t\t<div class=\"elementor-form-fields-wrapper elementor-labels-\">\n\t\t\t\t\t\t\t\t<div class=\"elementor-field-type-text elementor-field-group elementor-column elementor-field-group-name elementor-col-100 elementor-field-required\">\n\t\t\t\t\t\t\t\t\t\t\t\t<label for=\"form-field-name\" class=\"elementor-field-label elementor-screen-only\">\n\t\t\t\t\t\t\t\tIme\t\t\t\t\t\t\t<\/label>\n\t\t\t\t\t\t\t\t\t\t\t\t\t\t<input size=\"1\" type=\"text\" name=\"form_fields[name]\" id=\"form-field-name\" class=\"elementor-field elementor-size-sm  elementor-field-textual\" placeholder=\"Ime\" required=\"required\">\n\t\t\t\t\t\t\t\t\t\t\t<\/div>\n\t\t\t\t\t\t\t\t<div class=\"elementor-field-type-email elementor-field-group elementor-column elementor-field-group-email elementor-col-100 elementor-field-required\">\n\t\t\t\t\t\t\t\t\t\t\t\t<label for=\"form-field-email\" class=\"elementor-field-label elementor-screen-only\">\n\t\t\t\t\t\t\t\tEmail\t\t\t\t\t\t\t<\/label>\n\t\t\t\t\t\t\t\t\t\t\t\t\t\t<input size=\"1\" type=\"email\" name=\"form_fields[email]\" id=\"form-field-email\" class=\"elementor-field elementor-size-sm  elementor-field-textual\" placeholder=\"Email naslov\" required=\"required\">\n\t\t\t\t\t\t\t\t\t\t\t<\/div>\n\t\t\t\t\t\t\t\t<div class=\"elementor-field-type-hidden elementor-field-group elementor-column elementor-field-group-hiddenlists elementor-col-100\">\n\t\t\t\t\t\t\t\t\t\t\t\t\t<input size=\"1\" type=\"hidden\" name=\"form_fields[hiddenlists]\" id=\"form-field-hiddenlists\" class=\"elementor-field elementor-size-sm  elementor-field-textual\" value=\"17\">\n\t\t\t\t\t\t\t\t\t\t\t<\/div>\n\t\t\t\t\t\t\t\t<div class=\"elementor-field-type-acceptance elementor-field-group elementor-column elementor-field-group-field_b89bc31 elementor-col-100 elementor-field-required\">\n\t\t\t\t\t\t\t\t\t\t\t\t<label for=\"form-field-field_b89bc31\" class=\"elementor-field-label elementor-screen-only\">\n\t\t\t\t\t\t\t\tGDPR\t\t\t\t\t\t\t<\/label>\n\t\t\t\t\t\t\t\t<div class=\"elementor-field-subgroup\">\n\t\t\t<span class=\"elementor-field-option\">\n\t\t\t\t<input type=\"checkbox\" name=\"form_fields[field_b89bc31]\" id=\"form-field-field_b89bc31\" class=\"elementor-field elementor-size-sm  elementor-acceptance-field\" required=\"required\">\n\t\t\t\t<label for=\"form-field-field_b89bc31\"><span style=\"font-size:12px;\">DA, \u017eelim se prijaviti na prejemanje e-novic in se strinjam s <a href=\"https:\/\/woodwego.com\/sl\/piskotki-in-pz\/\">splo\u0161nimi pogoji<\/a>.<\/span><\/label>\t\t\t<\/span>\n\t\t<\/div>\n\t\t\t\t\t\t<\/div>\n\t\t\t\t\t\t\t\t<div class=\"elementor-field-group elementor-column elementor-field-type-submit elementor-col-100 e-form__buttons\">\n\t\t\t\t\t<button class=\"elementor-button elementor-size-sm\" type=\"submit\">\n\t\t\t\t\t\t<span class=\"elementor-button-content-wrapper\">\n\t\t\t\t\t\t\t\t\t\t\t\t\t\t\t\t\t\t\t\t\t\t<span class=\"elementor-button-text\">Klikni TUKAJ \u2013 E.Book je \u017ee na poti v va\u0161 predal!<\/span>\n\t\t\t\t\t\t\t\t\t\t\t\t\t<\/span>\n\t\t\t\t\t<\/button>\n\t\t\t\t<\/div>\n\t\t\t<\/div>\n\t\t<\/form>\n\t\t\t\t\t\t<\/div>\n\t\t\t\t<\/div>\n\t\t\t\t<\/div>\n\t\t\t\t<\/div>\n\t\t\t\t<\/div>\n\t\t","protected":false},"excerpt":{"rendered":"<p>Spoznajte rutine, ki so nama spremenile \u017eivljenje Brezpla\u010den E-Book &#8220;7 SKRIVNOSTI DOBREGA PO\u010cUTJA&#8221; Izpolnite podatke in e-book vas bo \u010dakal na va\u0161em e-mail naslovu.Preverite tudi mapo Promocije in Vsiljeno po\u0161to.<\/p>\n","protected":false},"author":2,"featured_media":0,"parent":0,"menu_order":0,"comment_status":"closed","ping_status":"closed","template":"","meta":{"_acf_changed":false,"site-sidebar-layout":"no-sidebar","site-content-layout":"page-builder","ast-site-content-layout":"full-width-container","site-content-style":"unboxed","site-sidebar-style":"unboxed","ast-global-header-display":"","ast-banner-title-visibility":"","ast-main-header-display":"","ast-hfb-above-header-display":"","ast-hfb-below-header-display":"","ast-hfb-mobile-header-display":"","site-post-title":"disabled","ast-breadcrumbs-content":"disabled","ast-featured-img":"disabled","footer-sml-layout":"","ast-disable-related-posts":"","theme-transparent-header-meta":"disabled","adv-header-id-meta":"","stick-header-meta":"disabled","header-above-stick-meta":"","header-main-stick-meta":"disabled","header-below-stick-meta":"","astra-migrate-meta-layouts":"set","ast-page-background-enabled":"default","ast-page-background-meta":{"desktop":{"background-color":"","background-image":"","background-repeat":"repeat","background-position":"center center","background-size":"auto","background-attachment":"scroll","background-type":"","background-media":"","overlay-type":"","overlay-color":"","overlay-opacity":"","overlay-gradient":""},"tablet":{"background-color":"","background-image":"","background-repeat":"repeat","background-position":"center center","background-size":"auto","background-attachment":"scroll","background-type":"","background-media":"","overlay-type":"","overlay-color":"","overlay-opacity":"","overlay-gradient":""},"mobile":{"background-color":"","background-image":"","background-repeat":"repeat","background-position":"center center","background-size":"auto","background-attachment":"scroll","background-type":"","background-media":"","overlay-type":"","overlay-color":"","overlay-opacity":"","overlay-gradient":""}},"ast-content-background-meta":{"desktop":{"background-color":"var(--ast-global-color-5)","background-image":"","background-repeat":"repeat","background-position":"center center","background-size":"auto","background-attachment":"scroll","background-type":"","background-media":"","overlay-type":"","overlay-color":"","overlay-opacity":"","overlay-gradient":""},"tablet":{"background-color":"var(--ast-global-color-5)","background-image":"","background-repeat":"repeat","background-position":"center center","background-size":"auto","background-attachment":"scroll","background-type":"","background-media":"","overlay-type":"","overlay-color":"","overlay-opacity":"","overlay-gradient":""},"mobile":{"background-color":"var(--ast-global-color-5)","background-image":"","background-repeat":"repeat","background-position":"center center","background-size":"auto","background-attachment":"scroll","background-type":"","background-media":"","overlay-type":"","overlay-color":"","overlay-opacity":"","overlay-gradient":""}},"footnotes":""},"class_list":["post-4677","page","type-page","status-publish","hentry"],"acf":[],"_links":{"self":[{"href":"https:\/\/woodwego.com\/sl\/wp-json\/wp\/v2\/pages\/4677","targetHints":{"allow":["GET"]}}],"collection":[{"href":"https:\/\/woodwego.com\/sl\/wp-json\/wp\/v2\/pages"}],"about":[{"href":"https:\/\/woodwego.com\/sl\/wp-json\/wp\/v2\/types\/page"}],"author":[{"embeddable":true,"href":"https:\/\/woodwego.com\/sl\/wp-json\/wp\/v2\/users\/2"}],"replies":[{"embeddable":true,"href":"https:\/\/woodwego.com\/sl\/wp-json\/wp\/v2\/comments?post=4677"}],"version-history":[{"count":139,"href":"https:\/\/woodwego.com\/sl\/wp-json\/wp\/v2\/pages\/4677\/revisions"}],"predecessor-version":[{"id":8222,"href":"https:\/\/woodwego.com\/sl\/wp-json\/wp\/v2\/pages\/4677\/revisions\/8222"}],"wp:attachment":[{"href":"https:\/\/woodwego.com\/sl\/wp-json\/wp\/v2\/media?parent=4677"}],"curies":[{"name":"wp","href":"https:\/\/api.w.org\/{rel}","templated":true}]}}